{"id":13,"date":"2017-12-22T12:01:43","date_gmt":"2017-12-22T11:01:43","guid":{"rendered":"http:\/\/www.essettidistributori.it\/site\/?page_id=13"},"modified":"2025-07-22T18:06:23","modified_gmt":"2025-07-22T16:06:23","slug":"prodotti","status":"publish","type":"page","link":"http:\/\/www.essettidistributori.it\/?page_id=13","title":{"rendered":"Prodotti"},"content":{"rendered":"<p><span style=\"color: #000000;\"><strong>I <a href=\"http:\/\/www.essettidistributori.it\/?cat=5\">Prodotti Freschi e artigianali<\/a> offriamo una selezione attenta e completa di alimenti e bevande, pensata per soddisfare ogni esigenza di gusto, benessere e stile di vita, nel pieno rispetto delle normative igienico-sanitarie. Freschezza e artigianalit\u00e0<br data-start=\"440\" data-end=\"443\" \/>I nostri prodotti freschi e artigianali sono privi di conservanti, preparati quotidianamente e confezionati direttamente in atmosfera protettiva (ATP), secondo le disposizioni del sistema di autocontrollo HACCP.<br data-start=\"654\" data-end=\"657\" \/>Questa modalit\u00e0 di confezionamento preserva la qualit\u00e0 e la sicurezza alimentare, garantendo freschezza, gusto e massima igiene.<\/strong><\/span><\/p>\n<p><span style=\"color: #000000;\"><strong><a href=\"http:\/\/www.essettidistributori.it\/?cat=15\">Snak e alimenti confezionati:<\/a><br data-start=\"820\" data-end=\"823\" \/>Per chi desidera uno spuntino veloce ma di qualit\u00e0, proponiamo un\u2019ampia gamma di prodotti confezionati dei migliori marchi italiani e internazionali, come:<\/strong><\/span><br \/><span style=\"color: #ff6600;\"><b><a style=\"color: #ff6600;\" href=\"http:\/\/www.essettidistributori.it\/?p=541\">Ferrero<\/a> &#8211; <a style=\"color: #ff6600;\" href=\"http:\/\/www.essettidistributori.it\/?p=553\">Bauli<\/a> &#8211; <a href=\"http:\/\/www.essettidistributori.it\/?p=1604\"><span style=\"color: #ff6600;\">Riso Scotti<\/span><\/a> &#8211; <a style=\"color: #ff6600;\" href=\"http:\/\/www.essettidistributori.it\/?p=565\">Mondelez<\/a> &#8211; <a style=\"color: #ff6600;\" href=\"http:\/\/www.essettidistributori.it\/?p=572\">Zaniboni<\/a> &#8211;<span style=\"color: #ff6600;\"><a style=\"color: #ff6600;\" href=\"http:\/\/www.essettidistributori.it\/?p=1688\"> Abaribi<\/a><\/span>&#8211; <a style=\"color: #ff6600;\" href=\"http:\/\/www.essettidistributori.it\/?p=583\">Antonio Fiore<\/a> &#8211; <a style=\"color: #ff6600;\" href=\"http:\/\/www.essettidistributori.it\/?p=590\">Barilla<\/a> &#8211; <a style=\"color: #ff6600;\" href=\"http:\/\/www.essettidistributori.it\/?p=595\">Yogurt Mila<\/a>. <\/b><\/span><b>Ogni articolo \u00e8 scelto per offrire variet\u00e0, sapore e affidabilit\u00e0, con opzioni dolci e salate per ogni momento della giornata.<\/b><\/p>\n<p><span style=\"color: #000000;\"><strong><a href=\"http:\/\/www.essettidistributori.it\/?cat=20\">Bevande<\/a> per ogni gusto:\u00a0<\/strong><\/span><\/p>\n<p><strong>Le nostre vending machine offrono una ricca selezione di bevande, tra cui:<\/strong><\/p>\n<p><strong>Acqua naturale e frizzante:<\/strong> <span style=\"color: #ff6600;\"><strong><span style=\"color: #ff6600;\"><a style=\"color: #ff6600;\" href=\"http:\/\/www.essettidistributori.it\/?p=1679\">Acqua Monte Cimone<\/a><\/span> &#8211; <a style=\"color: #ff6600;\" href=\"http:\/\/www.essettidistributori.it\/?p=625\">Acqua San Benedetto<\/a> &#8211; <a style=\"color: #ff6600;\" href=\"http:\/\/www.essettidistributori.it\/?p=629\">Acqua Nepi<\/a> &#8211;\u00a0<\/strong><\/span><\/p>\n<p><strong>Bevande analcoliche<\/strong><span style=\"color: #ff6600;\"><strong>: <a style=\"color: #ff6600;\" href=\"http:\/\/www.essettidistributori.it\/?p=627\">Estath\u00e8<\/a> &#8211; <a style=\"color: #ff6600;\" href=\"http:\/\/www.essettidistributori.it\/?p=633\">Coca cola<\/a> &#8211; Fanta &#8211; Sprite e altri soft drinks<\/strong><\/span><\/p>\n<p><span style=\"color: #000000;\"><strong>Alimenti per lo sport e il benessere<\/strong><\/span><\/p>\n<p><strong>Pensando alle esigenze di sportivi e persone attive, mettiamo a disposizione alimenti energetici e integratori delle migliori marche:<\/strong><br \/><span style=\"color: #ff6600;\"><strong><a style=\"color: #ff6600;\" href=\"http:\/\/www.essettidistributori.it\/?p=648\"> Named<\/a> &#8211; <a style=\"color: #ff6600;\" href=\"http:\/\/www.essettidistributori.it\/?p=651\">Weider<\/a> &#8211; <span style=\"color: #ff6600;\"><a style=\"color: #ff6600;\" href=\"http:\/\/www.essettidistributori.it\/?p=1776\">Energade San Benedetto<\/a> i<\/span><\/strong><\/span><strong>deali per supportare l\u2019idratazione, l\u2019energia e il recupero durante e dopo l\u2019attivit\u00e0 fisica.<\/strong><\/p>\n<p><strong data-start=\"1864\" data-end=\"1902\">Opzioni senza glutine e biologiche<\/strong><br data-start=\"1902\" data-end=\"1905\" \/><strong>Per chi segue un\u2019alimentazione specifica, offriamo prodotti senza glutine e biologici, selezionati da brand altamente specializzati come:<\/strong><br \/><span style=\"color: #ff6600;\"><strong><a style=\"color: #ff6600;\" href=\"http:\/\/www.essettidistributori.it\/?p=663\"> Germinal<\/a> &#8211; <a style=\"color: #ff6600;\" href=\"http:\/\/www.essettidistributori.it\/?p=665\">Fiorentini<\/a> <\/strong><\/span><strong>una scelta attenta per garantire benessere, sicurezza e gusto anche a chi ha esigenze alimentari particolari.<\/strong><\/p>\n<h4><strong>\u00a0<\/strong><\/h4>\n\n\n<p><\/p>\n","protected":false},"excerpt":{"rendered":"<p>I Prodotti Freschi e artigianali offriamo una selezione attenta e completa di alimenti e bevande, pensata per soddisfare ogni esigenza di gusto, benessere e stile &hellip;<\/p>\n","protected":false},"author":1,"featured_media":0,"parent":0,"menu_order":0,"comment_status":"closed","ping_status":"closed","template":"","meta":[],"_links":{"self":[{"href":"http:\/\/www.essettidistributori.it\/index.php?rest_route=\/wp\/v2\/pages\/13"}],"collection":[{"href":"http:\/\/www.essettidistributori.it\/index.php?rest_route=\/wp\/v2\/pages"}],"about":[{"href":"http:\/\/www.essettidistributori.it\/index.php?rest_route=\/wp\/v2\/types\/page"}],"author":[{"embeddable":true,"href":"http:\/\/www.essettidistributori.it\/index.php?rest_route=\/wp\/v2\/users\/1"}],"replies":[{"embeddable":true,"href":"http:\/\/www.essettidistributori.it\/index.php?rest_route=%2Fwp%2Fv2%2Fcomments&post=13"}],"version-history":[{"count":40,"href":"http:\/\/www.essettidistributori.it\/index.php?rest_route=\/wp\/v2\/pages\/13\/revisions"}],"predecessor-version":[{"id":1836,"href":"http:\/\/www.essettidistributori.it\/index.php?rest_route=\/wp\/v2\/pages\/13\/revisions\/1836"}],"wp:attachment":[{"href":"http:\/\/www.essettidistributori.it\/index.php?rest_route=%2Fwp%2Fv2%2Fmedia&parent=13"}],"curies":[{"name":"wp","href":"https:\/\/api.w.org\/{rel}","templated":true}]}}