{"id":148,"date":"2017-12-27T12:40:39","date_gmt":"2017-12-27T11:40:39","guid":{"rendered":"http:\/\/www.essettidistributori.it\/site\/?page_id=148"},"modified":"2025-07-23T14:51:24","modified_gmt":"2025-07-23T12:51:24","slug":"distributori-2","status":"publish","type":"page","link":"http:\/\/www.essettidistributori.it\/?page_id=148","title":{"rendered":"Distributori"},"content":{"rendered":"<p data-start=\"88\" data-end=\"254\"><strong data-start=\"88\" data-end=\"127\">Soluzioni su misura per ogni realt\u00e0<\/strong><\/p>\n<p data-start=\"88\" data-end=\"254\"><br data-start=\"127\" data-end=\"130\" \/>Siamo in grado di soddisfare le esigenze di diversi contesti, offrendo distributori automatici e macchine da caff\u00e8 adatte a:<\/p>\n<ul data-start=\"256\" data-end=\"387\">\n<li data-start=\"256\" data-end=\"266\">\n<p data-start=\"258\" data-end=\"266\">Uffici<\/p>\n<\/li>\n<li data-start=\"267\" data-end=\"280\">\n<p data-start=\"269\" data-end=\"280\">Industrie<\/p>\n<\/li>\n<li data-start=\"281\" data-end=\"300\">\n<p data-start=\"283\" data-end=\"300\">Centri sportivi<\/p>\n<\/li>\n<li data-start=\"301\" data-end=\"322\">\n<p data-start=\"303\" data-end=\"322\">Centri ricreativi<\/p>\n<\/li>\n<li data-start=\"323\" data-end=\"333\">\n<p data-start=\"325\" data-end=\"333\">Scuole<\/p>\n<\/li>\n<li data-start=\"334\" data-end=\"346\">\n<p data-start=\"336\" data-end=\"346\">Comunit\u00e0<\/p>\n<\/li>\n<li data-start=\"347\" data-end=\"364\">\n<p data-start=\"349\" data-end=\"364\">Centri estivi<\/p>\n<\/li>\n<li data-start=\"365\" data-end=\"379\">\n<p data-start=\"367\" data-end=\"379\">Ristoranti<\/p>\n<\/li>\n<li data-start=\"380\" data-end=\"387\">\n<p data-start=\"382\" data-end=\"387\">Pub<\/p>\n<\/li>\n<\/ul>\n<p data-start=\"389\" data-end=\"774\">Tutti i nostri distributori sono conformi alle normative CE vigenti.<br data-start=\"457\" data-end=\"460\" \/>Per ogni ambiente proponiamo il servizio pi\u00f9 adeguato, garantendo qualit\u00e0, assistenza continua e il pieno rispetto delle norme di sicurezza alimentare.<br data-start=\"611\" data-end=\"614\" \/>Operiamo in conformit\u00e0 con il sistema di autocontrollo HACCP, approvato dal Ministero della Salute, per assicurare i pi\u00f9 alti standard di igiene e affidabilit\u00e0.<\/p>\n","protected":false},"excerpt":{"rendered":"<p>Soluzioni su misura per ogni realt\u00e0 Siamo in grado di soddisfare le esigenze di diversi contesti, offrendo distributori automatici e macchine da caff\u00e8 adatte a: &hellip;<\/p>\n","protected":false},"author":1,"featured_media":0,"parent":0,"menu_order":0,"comment_status":"closed","ping_status":"closed","template":"","meta":[],"_links":{"self":[{"href":"http:\/\/www.essettidistributori.it\/index.php?rest_route=\/wp\/v2\/pages\/148"}],"collection":[{"href":"http:\/\/www.essettidistributori.it\/index.php?rest_route=\/wp\/v2\/pages"}],"about":[{"href":"http:\/\/www.essettidistributori.it\/index.php?rest_route=\/wp\/v2\/types\/page"}],"author":[{"embeddable":true,"href":"http:\/\/www.essettidistributori.it\/index.php?rest_route=\/wp\/v2\/users\/1"}],"replies":[{"embeddable":true,"href":"http:\/\/www.essettidistributori.it\/index.php?rest_route=%2Fwp%2Fv2%2Fcomments&post=148"}],"version-history":[{"count":8,"href":"http:\/\/www.essettidistributori.it\/index.php?rest_route=\/wp\/v2\/pages\/148\/revisions"}],"predecessor-version":[{"id":1837,"href":"http:\/\/www.essettidistributori.it\/index.php?rest_route=\/wp\/v2\/pages\/148\/revisions\/1837"}],"wp:attachment":[{"href":"http:\/\/www.essettidistributori.it\/index.php?rest_route=%2Fwp%2Fv2%2Fmedia&parent=148"}],"curies":[{"name":"wp","href":"https:\/\/api.w.org\/{rel}","templated":true}]}}