{"id":2,"date":"2017-12-22T09:17:04","date_gmt":"2017-12-22T08:17:04","guid":{"rendered":"http:\/\/www.essettidistributori.it\/site\/?page_id=2"},"modified":"2025-07-22T17:46:25","modified_gmt":"2025-07-22T15:46:25","slug":"chi_siamo","status":"publish","type":"page","link":"http:\/\/www.essettidistributori.it\/?page_id=2","title":{"rendered":"Chi siamo"},"content":{"rendered":"<p>Fondata nel 2007, ESSETTI opera con seriet\u00e0 e competenza principalmente nella provincia di Macerata.<br data-start=\"226\" data-end=\"229\" \/>La nostra realt\u00e0, giovane e dinamica, \u00e8 in continua crescita grazie all\u2019efficienza del servizio e all\u2019elevata qualit\u00e0 dei prodotti proposti.<br data-start=\"369\" data-end=\"372\" \/>Offriamo soluzioni su misura per ogni esigenza, garantendo pause ricche di gusto ed energia, con un\u2019attenzione costante al benessere e alla salute.<\/p>\n<p>A casa, il piacere del caff\u00e8 come al bar<br data-start=\"133\" data-end=\"136\" \/>Anche tra le mura domestiche, il momento della pausa caff\u00e8 trova la sua perfetta espressione grazie a una vasta gamma di macchine semiautomatiche, con soluzioni personalizzate pensate per soddisfare ogni esigenza.<br data-start=\"349\" data-end=\"352\" \/>ESSETTI propone macchine in comodato d\u2019uso gratuito, senza cauzione, offrendo un servizio completo che include assistenza tecnica, riparazioni gratuite e, se necessario, la sostituzione dell\u2019apparecchio in caso di guasto.<br \/>Grazie a tecnologie affidabili e a una selezione dei migliori marchi, gustare un caff\u00e8 di qualit\u00e0 professionale \u00e8 possibile anche a casa.<br data-start=\"258\" data-end=\"261\" \/>ESSETTI propone soluzioni con macchine a capsula rigida<span style=\"color: #ff6600;\"> (<a style=\"color: #ff6600;\" href=\"http:\/\/www.essettidistributori.it\/?p=205\">Lavazza<\/a> &#8211;<a style=\"color: #ff6600;\" href=\"http:\/\/www.essettidistributori.it\/?p=427\">Lavazza Firma<\/a> &#8211; <a style=\"color: #ff6600;\" href=\"http:\/\/www.essettidistributori.it\/?p=60\">Toda<\/a> \u2013 <a style=\"color: #ff6600;\" href=\"http:\/\/www.essettidistributori.it\/?p=971\">Kimbo<\/a> \u2013 <a style=\"color: #ff6600;\" href=\"http:\/\/www.essettidistributori.it\/?p=870\">Covim<\/a> \u2013 <a style=\"color: #ff6600;\" href=\"http:\/\/www.essettidistributori.it\/?p=968\">Dolce Gusto<\/a> \u2013 <a style=\"color: #ff6600;\" href=\"http:\/\/www.essettidistributori.it\/?p=965\">Nespresso<\/a> \u2013 <a style=\"color: #ff6600;\" href=\"http:\/\/www.essettidistributori.it\/?p=962\">A Modo Mio<\/a>)<\/span> che in cartafiltro <span style=\"color: #ff6600;\">(<a style=\"color: #ff6600;\" href=\"http:\/\/www.essettidistributori.it\/?p=76\">Biancaff\u00e8<\/a>&#8211; <a style=\"color: #ff6600;\" href=\"http:\/\/www.essettidistributori.it\/?p=95\">Rekico<\/a> &#8211; <a style=\"color: #ff6600;\" href=\"http:\/\/www.essettidistributori.it\/?p=223\">Borbone<\/a>) <\/span>per soddisfare ogni preferenza in termini di gusto e praticit\u00e0.<\/p>\n<p>Nel settore della <a href=\"http:\/\/www.essettidistributori.it\/?page_id=148\"><span style=\"color: #ff6600;\">DISTRIBUZIONE AUTOMATICA<\/span><\/a><span style=\"color: #ff6600;\">,<\/span> ESSETTI si distingue per l\u2019efficienza del servizio e l\u2019affidabilit\u00e0 dell&#8217; <span style=\"color: #ff6600;\"><a style=\"color: #ff6600;\" href=\"http:\/\/www.essettidistributori.it\/?p=1110\">assistenza tecnica.<\/a><\/span> Garantiamo interventi di riparazione in giornata e selezioniamo costantemente i migliori prodotti presenti sul mercato, per offrire sempre soluzioni di alta qualit\u00e0, innovative e su misura.<\/p>\n\n\n<p><\/p>\n","protected":false},"excerpt":{"rendered":"<p>Fondata nel 2007, ESSETTI opera con seriet\u00e0 e competenza principalmente nella provincia di Macerata.La nostra realt\u00e0, giovane e dinamica, \u00e8 in continua crescita grazie all\u2019efficienza &hellip;<\/p>\n","protected":false},"author":1,"featured_media":732,"parent":0,"menu_order":0,"comment_status":"closed","ping_status":"open","template":"","meta":[],"_links":{"self":[{"href":"http:\/\/www.essettidistributori.it\/index.php?rest_route=\/wp\/v2\/pages\/2"}],"collection":[{"href":"http:\/\/www.essettidistributori.it\/index.php?rest_route=\/wp\/v2\/pages"}],"about":[{"href":"http:\/\/www.essettidistributori.it\/index.php?rest_route=\/wp\/v2\/types\/page"}],"author":[{"embeddable":true,"href":"http:\/\/www.essettidistributori.it\/index.php?rest_route=\/wp\/v2\/users\/1"}],"replies":[{"embeddable":true,"href":"http:\/\/www.essettidistributori.it\/index.php?rest_route=%2Fwp%2Fv2%2Fcomments&post=2"}],"version-history":[{"count":17,"href":"http:\/\/www.essettidistributori.it\/index.php?rest_route=\/wp\/v2\/pages\/2\/revisions"}],"predecessor-version":[{"id":1829,"href":"http:\/\/www.essettidistributori.it\/index.php?rest_route=\/wp\/v2\/pages\/2\/revisions\/1829"}],"wp:featuredmedia":[{"embeddable":true,"href":"http:\/\/www.essettidistributori.it\/index.php?rest_route=\/wp\/v2\/media\/732"}],"wp:attachment":[{"href":"http:\/\/www.essettidistributori.it\/index.php?rest_route=%2Fwp%2Fv2%2Fmedia&parent=2"}],"curies":[{"name":"wp","href":"https:\/\/api.w.org\/{rel}","templated":true}]}}